{"id":12092,"date":"2011-02-04T07:37:08","date_gmt":"2011-02-04T06:37:08","guid":{"rendered":"https:\/\/sandzakpress.net\/arhiva\/?page_id=12092"},"modified":"2012-05-29T14:03:46","modified_gmt":"2012-05-29T12:03:46","slug":"marketing","status":"publish","type":"page","link":"https:\/\/sandzakpress.net\/arhiva\/marketing\/","title":{"rendered":"Reklamirajte se!"},"content":{"rendered":"<p><strong>Sand\u017eak PRESS<\/strong> je najposje\u0107eniji sand\u017ea\u010dki bo\u0161nja\u010dki web-portal, koji jo\u0161 od 2009.\u00a0 godine privla\u010di posjetitelje sa prostora \u010ditave biv\u0161e Jugoslavije te njene dijaspore.<\/p>\n<p>Konstantan porast posjeta, koji ide sa oboga\u0107ivanjem sadr\u017eaja na Sand\u017eak PRESS-u, garantuju i da \u0107e Va\u0161e reklame na na\u0161em portalu biti visoko efektivne.<\/p>\n<p><strong>Nekoliko podataka iz izvje\u0161taja Google Analyticsa:<\/strong><\/p>\n<p><strong>&#8211; Redovno imamo preko 80 000 posjeta mjese\u010dno;<br \/>\n&#8211; 450 000 stranica se otvori svakog mjeseca odnosno preko 5 000 otvaranja dnevno;<br \/>\n&#8211; Prosje\u010dna posjeta\u00a0 Sand\u017eak PRESS-u traje 5 minuta.<\/strong><\/p>\n<p>Aktuelni Google Analytcs screen-shot za 2011. god:<\/p>\n<p><a href=\"https:\/\/sandzakpress.net\/arhiva\/wp-content\/uploads\/2011\/02\/sandzak-press-uspon.jpg\"><img loading=\"lazy\" decoding=\"async\" class=\"aligncenter size-full wp-image-12093\" title=\"sandzak press uspon\" src=\"https:\/\/sandzakpress.net\/arhiva\/wp-content\/uploads\/2011\/02\/sandzak-press-uspon.jpg\" alt=\"\" width=\"616\" height=\"76\" \/><\/a><\/p>\n<h2 style=\"text-align: center;\"><span style=\"color: #000000;\"><strong>Va\u0161u reklamu \u0107e tokom jednog mjeseca sigurno vidjeti najmanje <\/strong><\/span><\/h2>\n<h2 style=\"text-align: center;\"><span style=\"color: #ff0000;\"><strong>80 000 ljudi!<\/strong><\/span><\/h2>\n<p>Trenutno nudimo reklamiranje na dvije pozicije:<\/p>\n<p style=\"text-align: center;\"><a href=\"https:\/\/sandzakpress.net\/arhiva\/wp-content\/uploads\/2011\/02\/sandzak-press-reklama.jpg\"><img loading=\"lazy\" decoding=\"async\" class=\"aligncenter size-full wp-image-12094\" title=\"sandzak press reklama\" src=\"https:\/\/sandzakpress.net\/arhiva\/wp-content\/uploads\/2011\/02\/sandzak-press-reklama.jpg\" alt=\"\" width=\"616\" height=\"330\" \/><\/a><strong>i<\/strong><\/p>\n<p style=\"text-align: center;\"><a href=\"https:\/\/sandzakpress.net\/arhiva\/wp-content\/uploads\/2011\/02\/sandzak-press-reklama-2.jpg\"><img loading=\"lazy\" decoding=\"async\" class=\"aligncenter size-full wp-image-12095\" title=\"sandzak press reklama 2\" src=\"https:\/\/sandzakpress.net\/arhiva\/wp-content\/uploads\/2011\/02\/sandzak-press-reklama-2.jpg\" alt=\"\" width=\"616\" height=\"405\" \/><\/a><\/p>\n<p style=\"text-align: left;\">Reklamiranje na NASLOVNOJ stranici traje mjese\u010dno.<\/p>\n<p style=\"text-align: left;\"><strong>Nudimo jo\u0161:<\/strong><\/p>\n<p style=\"text-align: left;\"><strong>1. da Vam napravimo pokretnu reklamu<\/strong><\/p>\n<p style=\"text-align: left;\"><strong>2. da Vam napravimo stranicu na Sand\u017eak PRESS-u za to \u0161to reklamirate<\/strong><\/p>\n<p style=\"text-align: left;\"><strong>2. da klikom na reklamu direktno se prebacuje na Va\u0161u web stranicu ili stranicu koju smo Vam mi napravili.<\/strong><\/p>\n<p style=\"text-align: left;\"><strong><span style=\"color: #ff0000;\"><span style=\"color: #333333;\">AKO STE ZAINTERESIRANI, JAVITE SE:<\/span><\/span><\/strong><\/p>\n<p style=\"text-align: left;\"><strong><span style=\"color: #ff0000;\"><span style=\"color: #333333;\">Email: <\/span><\/span><\/strong><\/p>\n<p style=\"text-align: left;\"><span style=\"color: #ff0000;\"><span style=\"color: #333333;\"><a href=\"https:\/\/sandzakpress.net\/arhiva\/about\">sandzakpress@gmail.com<\/a><br \/>\n<\/span><\/span><\/p>\n","protected":false},"excerpt":{"rendered":"<p>Sand\u017eak PRESS je najposje\u0107eniji sand\u017ea\u010dki bo\u0161nja\u010dki web-portal, koji jo\u0161 od 2009.\u00a0 godine privla\u010di posjetitelje sa prostora \u010ditave biv\u0161e Jugoslavije te njene dijaspore. Konstantan porast posjeta, koji ide sa oboga\u0107ivanjem sadr\u017eaja na Sand\u017eak PRESS-u, garantuju i da \u0107e Va\u0161e reklame na na\u0161em portalu biti visoko efektivne. Nekoliko podataka iz izvje\u0161taja Google Analyticsa: &#8211; Redovno imamo preko [&hellip;]<\/p>\n","protected":false},"author":83,"featured_media":12093,"parent":0,"menu_order":5,"comment_status":"open","ping_status":"open","template":"","meta":{"footnotes":""},"class_list":["post-12092","page","type-page","status-publish","has-post-thumbnail"],"yoast_head":"<!-- This site is optimized with the Yoast SEO Premium plugin v23.1 (Yoast SEO v24.9) - https:\/\/yoast.com\/wordpress\/plugins\/seo\/ -->\n<title>Reklamirajte se!<\/title>\n<meta name=\"robots\" content=\"index, follow, max-snippet:-1, max-image-preview:large, max-video-preview:-1\" \/>\n<link rel=\"canonical\" href=\"https:\/\/sandzakpress.net\/arhiva\/marketing\/\" \/>\n<meta property=\"og:locale\" content=\"bs_BA\" \/>\n<meta property=\"og:type\" content=\"article\" \/>\n<meta property=\"og:title\" content=\"Reklamirajte se!\" \/>\n<meta property=\"og:description\" content=\"Sand\u017eak PRESS je najposje\u0107eniji sand\u017ea\u010dki bo\u0161nja\u010dki web-portal, koji jo\u0161 od 2009.\u00a0 godine privla\u010di posjetitelje sa prostora \u010ditave biv\u0161e Jugoslavije te njene dijaspore. Konstantan porast posjeta, koji ide sa oboga\u0107ivanjem sadr\u017eaja na Sand\u017eak PRESS-u, garantuju i da \u0107e Va\u0161e reklame na na\u0161em portalu biti visoko efektivne. Nekoliko podataka iz izvje\u0161taja Google Analyticsa: &#8211; Redovno imamo preko [&hellip;]\" \/>\n<meta property=\"og:url\" content=\"https:\/\/sandzakpress.net\/arhiva\/marketing\/\" \/>\n<meta property=\"og:site_name\" content=\"Sand\u017eak PRESS\" \/>\n<meta property=\"article:modified_time\" content=\"2012-05-29T12:03:46+00:00\" \/>\n<meta property=\"og:image\" content=\"https:\/\/sandzakpress.net\/arhiva\/wp-content\/uploads\/2011\/02\/sandzak-press-uspon.jpg\" \/>\n\t<meta property=\"og:image:width\" content=\"616\" \/>\n\t<meta property=\"og:image:height\" content=\"76\" \/>\n\t<meta property=\"og:image:type\" content=\"image\/jpeg\" \/>\n<meta name=\"twitter:card\" content=\"summary_large_image\" \/>\n<meta name=\"twitter:label1\" content=\"Est. reading time\" \/>\n\t<meta name=\"twitter:data1\" content=\"1 minuta\" \/>\n<script type=\"application\/ld+json\" class=\"yoast-schema-graph\">{\"@context\":\"https:\/\/schema.org\",\"@graph\":[{\"@type\":\"WebPage\",\"@id\":\"https:\/\/sandzakpress.net\/arhiva\/marketing\/\",\"url\":\"https:\/\/sandzakpress.net\/arhiva\/marketing\/\",\"name\":\"Reklamirajte se!\",\"isPartOf\":{\"@id\":\"https:\/\/sandzakpress.net\/arhiva\/#website\"},\"primaryImageOfPage\":{\"@id\":\"https:\/\/sandzakpress.net\/arhiva\/marketing\/#primaryimage\"},\"image\":{\"@id\":\"https:\/\/sandzakpress.net\/arhiva\/marketing\/#primaryimage\"},\"thumbnailUrl\":\"https:\/\/sandzakpress.net\/arhiva\/wp-content\/uploads\/2011\/02\/sandzak-press-uspon.jpg\",\"datePublished\":\"2011-02-04T06:37:08+00:00\",\"dateModified\":\"2012-05-29T12:03:46+00:00\",\"breadcrumb\":{\"@id\":\"https:\/\/sandzakpress.net\/arhiva\/marketing\/#breadcrumb\"},\"inLanguage\":\"bs-BA\",\"potentialAction\":[{\"@type\":\"ReadAction\",\"target\":[\"https:\/\/sandzakpress.net\/arhiva\/marketing\/\"]}]},{\"@type\":\"ImageObject\",\"inLanguage\":\"bs-BA\",\"@id\":\"https:\/\/sandzakpress.net\/arhiva\/marketing\/#primaryimage\",\"url\":\"https:\/\/sandzakpress.net\/arhiva\/wp-content\/uploads\/2011\/02\/sandzak-press-uspon.jpg\",\"contentUrl\":\"https:\/\/sandzakpress.net\/arhiva\/wp-content\/uploads\/2011\/02\/sandzak-press-uspon.jpg\",\"width\":616,\"height\":76},{\"@type\":\"BreadcrumbList\",\"@id\":\"https:\/\/sandzakpress.net\/arhiva\/marketing\/#breadcrumb\",\"itemListElement\":[{\"@type\":\"ListItem\",\"position\":1,\"name\":\"Home\",\"item\":\"https:\/\/sandzakpress.net\/arhiva\/\"},{\"@type\":\"ListItem\",\"position\":2,\"name\":\"Reklamirajte se!\"}]},{\"@type\":\"WebSite\",\"@id\":\"https:\/\/sandzakpress.net\/arhiva\/#website\",\"url\":\"https:\/\/sandzakpress.net\/arhiva\/\",\"name\":\"Sand\u017eak PRESS\",\"description\":\"Prve elektronske novine u Sand\u017eaku\",\"publisher\":{\"@id\":\"https:\/\/sandzakpress.net\/arhiva\/#\/schema\/person\/6e72b67d6e51910a1117b3b483ba20bd\"},\"potentialAction\":[{\"@type\":\"SearchAction\",\"target\":{\"@type\":\"EntryPoint\",\"urlTemplate\":\"https:\/\/sandzakpress.net\/arhiva\/?s={search_term_string}\"},\"query-input\":{\"@type\":\"PropertyValueSpecification\",\"valueRequired\":true,\"valueName\":\"search_term_string\"}}],\"inLanguage\":\"bs-BA\"},{\"@type\":[\"Person\",\"Organization\"],\"@id\":\"https:\/\/sandzakpress.net\/arhiva\/#\/schema\/person\/6e72b67d6e51910a1117b3b483ba20bd\",\"name\":\"Kul\",\"image\":{\"@type\":\"ImageObject\",\"inLanguage\":\"bs-BA\",\"@id\":\"https:\/\/sandzakpress.net\/arhiva\/#\/schema\/person\/image\/\",\"url\":\"https:\/\/secure.gravatar.com\/avatar\/42263f39aa27ac04c43cab85c280eb2e?s=96&d=mm&r=pg\",\"contentUrl\":\"https:\/\/secure.gravatar.com\/avatar\/42263f39aa27ac04c43cab85c280eb2e?s=96&d=mm&r=pg\",\"caption\":\"Kul\"},\"logo\":{\"@id\":\"https:\/\/sandzakpress.net\/arhiva\/#\/schema\/person\/image\/\"}}]}<\/script>\n<!-- \/ Yoast SEO Premium plugin. -->","yoast_head_json":{"title":"Reklamirajte se!","robots":{"index":"index","follow":"follow","max-snippet":"max-snippet:-1","max-image-preview":"max-image-preview:large","max-video-preview":"max-video-preview:-1"},"canonical":"https:\/\/sandzakpress.net\/arhiva\/marketing\/","og_locale":"bs_BA","og_type":"article","og_title":"Reklamirajte se!","og_description":"Sand\u017eak PRESS je najposje\u0107eniji sand\u017ea\u010dki bo\u0161nja\u010dki web-portal, koji jo\u0161 od 2009.\u00a0 godine privla\u010di posjetitelje sa prostora \u010ditave biv\u0161e Jugoslavije te njene dijaspore. Konstantan porast posjeta, koji ide sa oboga\u0107ivanjem sadr\u017eaja na Sand\u017eak PRESS-u, garantuju i da \u0107e Va\u0161e reklame na na\u0161em portalu biti visoko efektivne. Nekoliko podataka iz izvje\u0161taja Google Analyticsa: &#8211; Redovno imamo preko [&hellip;]","og_url":"https:\/\/sandzakpress.net\/arhiva\/marketing\/","og_site_name":"Sand\u017eak PRESS","article_modified_time":"2012-05-29T12:03:46+00:00","og_image":[{"width":616,"height":76,"url":"https:\/\/sandzakpress.net\/arhiva\/wp-content\/uploads\/2011\/02\/sandzak-press-uspon.jpg","type":"image\/jpeg"}],"twitter_card":"summary_large_image","twitter_misc":{"Est. reading time":"1 minuta"},"schema":{"@context":"https:\/\/schema.org","@graph":[{"@type":"WebPage","@id":"https:\/\/sandzakpress.net\/arhiva\/marketing\/","url":"https:\/\/sandzakpress.net\/arhiva\/marketing\/","name":"Reklamirajte se!","isPartOf":{"@id":"https:\/\/sandzakpress.net\/arhiva\/#website"},"primaryImageOfPage":{"@id":"https:\/\/sandzakpress.net\/arhiva\/marketing\/#primaryimage"},"image":{"@id":"https:\/\/sandzakpress.net\/arhiva\/marketing\/#primaryimage"},"thumbnailUrl":"https:\/\/sandzakpress.net\/arhiva\/wp-content\/uploads\/2011\/02\/sandzak-press-uspon.jpg","datePublished":"2011-02-04T06:37:08+00:00","dateModified":"2012-05-29T12:03:46+00:00","breadcrumb":{"@id":"https:\/\/sandzakpress.net\/arhiva\/marketing\/#breadcrumb"},"inLanguage":"bs-BA","potentialAction":[{"@type":"ReadAction","target":["https:\/\/sandzakpress.net\/arhiva\/marketing\/"]}]},{"@type":"ImageObject","inLanguage":"bs-BA","@id":"https:\/\/sandzakpress.net\/arhiva\/marketing\/#primaryimage","url":"https:\/\/sandzakpress.net\/arhiva\/wp-content\/uploads\/2011\/02\/sandzak-press-uspon.jpg","contentUrl":"https:\/\/sandzakpress.net\/arhiva\/wp-content\/uploads\/2011\/02\/sandzak-press-uspon.jpg","width":616,"height":76},{"@type":"BreadcrumbList","@id":"https:\/\/sandzakpress.net\/arhiva\/marketing\/#breadcrumb","itemListElement":[{"@type":"ListItem","position":1,"name":"Home","item":"https:\/\/sandzakpress.net\/arhiva\/"},{"@type":"ListItem","position":2,"name":"Reklamirajte se!"}]},{"@type":"WebSite","@id":"https:\/\/sandzakpress.net\/arhiva\/#website","url":"https:\/\/sandzakpress.net\/arhiva\/","name":"Sand\u017eak PRESS","description":"Prve elektronske novine u Sand\u017eaku","publisher":{"@id":"https:\/\/sandzakpress.net\/arhiva\/#\/schema\/person\/6e72b67d6e51910a1117b3b483ba20bd"},"potentialAction":[{"@type":"SearchAction","target":{"@type":"EntryPoint","urlTemplate":"https:\/\/sandzakpress.net\/arhiva\/?s={search_term_string}"},"query-input":{"@type":"PropertyValueSpecification","valueRequired":true,"valueName":"search_term_string"}}],"inLanguage":"bs-BA"},{"@type":["Person","Organization"],"@id":"https:\/\/sandzakpress.net\/arhiva\/#\/schema\/person\/6e72b67d6e51910a1117b3b483ba20bd","name":"Kul","image":{"@type":"ImageObject","inLanguage":"bs-BA","@id":"https:\/\/sandzakpress.net\/arhiva\/#\/schema\/person\/image\/","url":"https:\/\/secure.gravatar.com\/avatar\/42263f39aa27ac04c43cab85c280eb2e?s=96&d=mm&r=pg","contentUrl":"https:\/\/secure.gravatar.com\/avatar\/42263f39aa27ac04c43cab85c280eb2e?s=96&d=mm&r=pg","caption":"Kul"},"logo":{"@id":"https:\/\/sandzakpress.net\/arhiva\/#\/schema\/person\/image\/"}}]}},"_links":{"self":[{"href":"https:\/\/sandzakpress.net\/arhiva\/wp-json\/wp\/v2\/pages\/12092"}],"collection":[{"href":"https:\/\/sandzakpress.net\/arhiva\/wp-json\/wp\/v2\/pages"}],"about":[{"href":"https:\/\/sandzakpress.net\/arhiva\/wp-json\/wp\/v2\/types\/page"}],"author":[{"embeddable":true,"href":"https:\/\/sandzakpress.net\/arhiva\/wp-json\/wp\/v2\/users\/83"}],"replies":[{"embeddable":true,"href":"https:\/\/sandzakpress.net\/arhiva\/wp-json\/wp\/v2\/comments?post=12092"}],"version-history":[{"count":0,"href":"https:\/\/sandzakpress.net\/arhiva\/wp-json\/wp\/v2\/pages\/12092\/revisions"}],"wp:featuredmedia":[{"embeddable":true,"href":"https:\/\/sandzakpress.net\/arhiva\/wp-json\/wp\/v2\/media\/12093"}],"wp:attachment":[{"href":"https:\/\/sandzakpress.net\/arhiva\/wp-json\/wp\/v2\/media?parent=12092"}],"curies":[{"name":"wp","href":"https:\/\/api.w.org\/{rel}","templated":true}]}}